{"id":72946,"date":"2024-03-28T11:08:58","date_gmt":"2024-03-28T11:08:58","guid":{"rendered":"https:\/\/k-elec.com\/partners\/"},"modified":"2024-05-17T08:19:55","modified_gmt":"2024-05-17T08:19:55","slug":"partners","status":"publish","type":"page","link":"https:\/\/k-elec.com\/ca\/partners\/","title":{"rendered":"Partners"},"content":{"rendered":"[et_pb_section fb_built=&#8221;1&#8243; admin_label=&#8221;Services&#8221; _builder_version=&#8221;4.24.2&#8243; use_background_color_gradient=&#8221;on&#8221; background_color_gradient_direction=&#8221;160deg&#8221; background_color_gradient_stops=&#8221;#031d4f 0%|#0a3882 28%|#334db7 55%|#2c4e9e 72%|#913838 99%&#8221; z_index=&#8221;500&#8243; height=&#8221;100vh&#8221; custom_margin=&#8221;||||false|false&#8221; custom_padding=&#8221;||||false|false&#8221; hover_transition_duration=&#8221;400ms&#8221; hover_transition_delay=&#8221;50ms&#8221; hover_transition_speed_curve=&#8221;linear&#8221; locked=&#8221;off&#8221; global_colors_info=&#8221;{}&#8221;][et_pb_row _builder_version=&#8221;4.25.1&#8243; _module_preset=&#8221;default&#8221; width_tablet=&#8221;85%&#8221; width_phone=&#8221;95%&#8221; width_last_edited=&#8221;on|phone&#8221; height=&#8221;50vh&#8221; height_tablet=&#8221;400px&#8221; height_phone=&#8221;270px&#8221; height_last_edited=&#8221;on|phone&#8221; global_colors_info=&#8221;{}&#8221;][et_pb_column type=&#8221;4_4&#8243; _builder_version=&#8221;4.24.2&#8243; _module_preset=&#8221;default&#8221; global_colors_info=&#8221;{}&#8221;][et_pb_heading title=&#8221;A K-Electric, creiem en el poder de la col\u00b7laboraci\u00f3&#8221; _builder_version=&#8221;4.25.1&#8243; _module_preset=&#8221;default&#8221; title_font=&#8221;|700|||||||&#8221; title_text_align=&#8221;center&#8221; title_text_color=&#8221;#FFFFFF&#8221; title_font_size=&#8221;50px&#8221; custom_margin=&#8221;10vh||10vh||true|false&#8221; custom_margin_tablet=&#8221;70px||70px||true|false&#8221; custom_margin_phone=&#8221;30px||40px||false|false&#8221; custom_margin_last_edited=&#8221;on|phone&#8221; animation_style=&#8221;fade&#8221; animation_duration=&#8221;550ms&#8221; title_font_size_tablet=&#8221;40px&#8221; title_font_size_phone=&#8221;24px&#8221; title_font_size_last_edited=&#8221;on|phone&#8221; global_colors_info=&#8221;{}&#8221;][\/et_pb_heading][et_pb_text _builder_version=&#8221;4.25.1&#8243; _module_preset=&#8221;default&#8221; text_font=&#8221;Raleway|300|||||||&#8221; text_text_color=&#8221;#FFFFFF&#8221; text_font_size=&#8221;28px&#8221; header_text_color=&#8221;#FFFFFF&#8221; text_orientation=&#8221;center&#8221; width=&#8221;100%&#8221; max_width=&#8221;1100px&#8221; module_alignment=&#8221;center&#8221; custom_margin=&#8221;0px||||false|false&#8221; custom_padding=&#8221;0px||||false|false&#8221; animation_style=&#8221;fade&#8221; animation_duration=&#8221;1100ms&#8221; text_font_size_tablet=&#8221;22px&#8221; text_font_size_phone=&#8221;14px&#8221; text_font_size_last_edited=&#8221;on|phone&#8221; global_colors_info=&#8221;{}&#8221;]\n<p style=\"text-align: center;\"><span style=\"font-weight: 400;\">Per aix\u00f2 ens associem amb les <strong>empreses l\u00edders del sector<\/strong> per oferir <strong>solucions energ\u00e8tiques i el\u00e8ctriques innovadores<\/strong> i d&#8217;alta qualitat als nostres clients.<\/span><\/p>\n[\/et_pb_text][\/et_pb_column][\/et_pb_row][et_pb_row column_structure=&#8221;1_2,1_2&#8243; use_custom_gutter=&#8221;on&#8221; gutter_width=&#8221;4&#8243; disabled_on=&#8221;off|off|off&#8221; _builder_version=&#8221;4.24.2&#8243; background_size=&#8221;initial&#8221; background_position=&#8221;top_left&#8221; background_repeat=&#8221;repeat&#8221; max_width=&#8221;2560px&#8221; custom_margin=&#8221;|auto||auto|false|false&#8221; custom_padding=&#8221;0px||0px||false|false&#8221; animation_style=&#8221;fade&#8221; animation_duration=&#8221;1300ms&#8221; animation_delay=&#8221;700ms&#8221; scroll_vertical_motion=&#8221;0|50|50|100|0|-1|-2&#8243; custom_css_free_form=&#8221;.borde {||  transition: all .5s ease-in-out;||}||.borde:hover {||  transition: all .5s ease-in-out;||}||||.boton {||||}||.borde:hover .boton {||||}||||.borde:hover .imagen {||||}||.descripcion {||  transition: all .3s ease-in-out;||}||||.borde:hover .descripcion {||\tfont-size:18px;||  transition: all .3s ease-in-out;||}&#8221; global_colors_info=&#8221;{}&#8221;][et_pb_column type=&#8221;1_2&#8243; module_class=&#8221;borde&#8221; _builder_version=&#8221;4.24.2&#8243; background_color=&#8221;rgba(255,255,255,0.1)&#8221; background_position=&#8221;top_left&#8221; custom_padding=&#8221;25px|0px|0px|0px|false|true&#8221; border_radii=&#8221;on|15px|15px|15px|15px&#8221; box_shadow_style=&#8221;preset6&#8243; box_shadow_color=&#8221;rgba(255,255,255,0.2)&#8221; global_colors_info=&#8221;{}&#8221; custom_padding__hover=&#8221;35px||35px||true|true&#8221; background__hover_enabled=&#8221;on|hover&#8221; background_color__hover=&#8221;rgba(255,255,255,0.25)&#8221; background_enable_color__hover=&#8221;on&#8221; custom_padding__hover_enabled=&#8221;off|desktop&#8221; transform_styles__hover_enabled=&#8221;on|hover&#8221; transform_scale__hover_enabled=&#8221;on|hover&#8221; transform_translate__hover_enabled=&#8221;on|desktop&#8221; transform_rotate__hover_enabled=&#8221;on|desktop&#8221; transform_skew__hover_enabled=&#8221;on|desktop&#8221; transform_origin__hover_enabled=&#8221;on|desktop&#8221; transform_scale__hover=&#8221;110%|110%&#8221;][et_pb_image src=&#8221;https:\/\/k-elec.com\/wp-content\/uploads\/2024\/03\/Chint-blanco-e1712745500101.png&#8221; title_text=&#8221;2&#8243; module_class=&#8221;imagen&#8221; _builder_version=&#8221;4.25.1&#8243; _module_preset=&#8221;default&#8221; width=&#8221;60%&#8221; width_tablet=&#8221;60%&#8221; width_phone=&#8221;55%&#8221; width_last_edited=&#8221;on|phone&#8221; module_alignment=&#8221;center&#8221; custom_margin=&#8221;||10px|-82px|false|false&#8221; custom_margin_tablet=&#8221;||10px|-82px|false|false&#8221; custom_margin_phone=&#8221;-10px||-5px|-82px|false|false&#8221; custom_margin_last_edited=&#8221;on|phone&#8221; global_colors_info=&#8221;{}&#8221; width__hover_enabled=&#8221;off|desktop&#8221; width__hover=&#8221;60%&#8221;][\/et_pb_image][et_pb_text admin_label=&#8221;descripci\u00f3n&#8221; module_class=&#8221;descripcion&#8221; _builder_version=&#8221;4.25.1&#8243; _module_preset=&#8221;default&#8221; text_font=&#8221;Raleway|600|||||||&#8221; text_text_color=&#8221;#FFFFFF&#8221; text_orientation=&#8221;center&#8221; width=&#8221;85%&#8221; module_alignment=&#8221;center&#8221; custom_margin=&#8221;15px||15px||true|false&#8221; text_font_size_tablet=&#8221;&#8221; text_font_size_phone=&#8221;12px&#8221; text_font_size_last_edited=&#8221;on|phone&#8221; global_colors_info=&#8221;{}&#8221;]\n<p>Delegaci\u00f3 Comercial de Chint a Catalunya i Andorra<\/p>\n[\/et_pb_text][et_pb_button button_url=&#8221;@ET-DC@eyJkeW5hbWljIjp0cnVlLCJjb250ZW50IjoicG9zdF9saW5rX3VybF9wYWdlIiwic2V0dGluZ3MiOnsicG9zdF9pZCI6IjcxODk2In19@&#8221; button_text=&#8221;Saber m\u00e9s&#8221; button_alignment=&#8221;center&#8221; module_class=&#8221;boton&#8221; _builder_version=&#8221;4.25.1&#8243; _dynamic_attributes=&#8221;button_url&#8221; _module_preset=&#8221;default&#8221; custom_button=&#8221;on&#8221; button_text_color=&#8221;rgba(9,28,91,0.75)&#8221; button_bg_color=&#8221;#FFFFFF&#8221; button_border_width=&#8221;0px&#8221; button_border_radius=&#8221;20px&#8221; button_font=&#8221;|700|||||||&#8221; custom_margin=&#8221;||15px||false|false&#8221; hover_enabled=&#8221;0&#8243; button_text_size_tablet=&#8221;&#8221; button_text_size_phone=&#8221;14px&#8221; button_text_size_last_edited=&#8221;on|phone&#8221; box_shadow_style=&#8221;preset6&#8243; box_shadow_color=&#8221;#FFFFFF&#8221; global_colors_info=&#8221;{}&#8221; button_border_radius__hover_enabled=&#8221;off|hover&#8221; button_border_radius__hover=&#8221;11px&#8221; button_text_color__hover_enabled=&#8221;off|desktop&#8221; sticky_enabled=&#8221;0&#8243;][\/et_pb_button][\/et_pb_column][et_pb_column type=&#8221;1_2&#8243; module_class=&#8221;borde&#8221; _builder_version=&#8221;4.24.2&#8243; background_color=&#8221;rgba(255,255,255,0.1)&#8221; background_position=&#8221;top_left&#8221; custom_padding=&#8221;25px|0px|0px|0px|false|true&#8221; border_radii=&#8221;on|15px|15px|15px|15px&#8221; box_shadow_style=&#8221;preset6&#8243; box_shadow_color=&#8221;rgba(255,255,255,0.2)&#8221; global_colors_info=&#8221;{}&#8221; custom_padding__hover=&#8221;35px||35px||true|true&#8221; background__hover_enabled=&#8221;on|hover&#8221; background_color__hover=&#8221;rgba(255,255,255,0.25)&#8221; background_enable_color__hover=&#8221;on&#8221; custom_padding__hover_enabled=&#8221;off|desktop&#8221; transform_styles__hover_enabled=&#8221;on|hover&#8221; transform_scale__hover_enabled=&#8221;on|hover&#8221; transform_translate__hover_enabled=&#8221;on|desktop&#8221; transform_rotate__hover_enabled=&#8221;on|desktop&#8221; transform_skew__hover_enabled=&#8221;on|desktop&#8221; transform_origin__hover_enabled=&#8221;on|desktop&#8221; transform_scale__hover=&#8221;110%|110%&#8221;][et_pb_image src=&#8221;https:\/\/k-elec.com\/wp-content\/uploads\/2024\/03\/CamisetasRecurso-2s-5.png&#8221; title_text=&#8221;2&#8243; module_class=&#8221;imagen&#8221; _builder_version=&#8221;4.25.1&#8243; _module_preset=&#8221;default&#8221; width=&#8221;20%&#8221; width_tablet=&#8221;20%&#8221; width_phone=&#8221;18%&#8221; width_last_edited=&#8221;on|phone&#8221; module_alignment=&#8221;center&#8221; custom_margin=&#8221;||10px|-82px|false|false&#8221; custom_margin_tablet=&#8221;||10px|-82px|false|false&#8221; custom_margin_phone=&#8221;-10px||-5px|-82px|false|false&#8221; custom_margin_last_edited=&#8221;on|phone&#8221; global_colors_info=&#8221;{}&#8221; width__hover_enabled=&#8221;off|desktop&#8221; width__hover=&#8221;60%&#8221;][\/et_pb_image][et_pb_text admin_label=&#8221;descripci\u00f3n&#8221; module_class=&#8221;descripcion&#8221; _builder_version=&#8221;4.24.2&#8243; _module_preset=&#8221;default&#8221; text_font=&#8221;Raleway|600|||||||&#8221; text_text_color=&#8221;#FFFFFF&#8221; text_orientation=&#8221;center&#8221; width=&#8221;85%&#8221; module_alignment=&#8221;center&#8221; custom_margin=&#8221;15px||15px||true|false&#8221; text_font_size_tablet=&#8221;&#8221; text_font_size_phone=&#8221;12px&#8221; text_font_size_last_edited=&#8221;on|phone&#8221; global_colors_info=&#8221;{}&#8221;]\n<p>Distribuci\u00f3 de fixacions fotovoltaiques per a cobertes met\u00e0l\u00b7liques<\/p>\n[\/et_pb_text][et_pb_button button_url=&#8221;@ET-DC@eyJkeW5hbWljIjp0cnVlLCJjb250ZW50IjoicG9zdF9saW5rX3VybF9wYWdlIiwic2V0dGluZ3MiOnsicG9zdF9pZCI6IjcyMDE2In19@&#8221; button_text=&#8221;Saber m\u00e9s&#8221; button_alignment=&#8221;center&#8221; module_class=&#8221;boton&#8221; _builder_version=&#8221;4.25.1&#8243; _dynamic_attributes=&#8221;button_url&#8221; _module_preset=&#8221;default&#8221; custom_button=&#8221;on&#8221; button_text_color=&#8221;rgba(9,28,91,0.75)&#8221; button_bg_color=&#8221;#FFFFFF&#8221; button_border_width=&#8221;0px&#8221; button_border_radius=&#8221;20px&#8221; button_font=&#8221;|700|||||||&#8221; custom_margin=&#8221;||15px||false|false&#8221; hover_enabled=&#8221;0&#8243; button_text_size_tablet=&#8221;&#8221; button_text_size_phone=&#8221;14px&#8221; button_text_size_last_edited=&#8221;on|phone&#8221; box_shadow_style=&#8221;preset6&#8243; box_shadow_color=&#8221;#FFFFFF&#8221; global_colors_info=&#8221;{}&#8221; button_border_radius__hover_enabled=&#8221;off|hover&#8221; button_border_radius__hover=&#8221;11px&#8221; button_text_color__hover_enabled=&#8221;off|desktop&#8221; sticky_enabled=&#8221;0&#8243;][\/et_pb_button][\/et_pb_column][\/et_pb_row][\/et_pb_section]\n","protected":false},"excerpt":{"rendered":"<p>Per aix\u00f2 ens associem amb les empreses l\u00edders del sector per oferir solucions energ\u00e8tiques i el\u00e8ctriques innovadores i d&#8217;alta qualitat als nostres clients.Delegaci\u00f3 Comercial de Chint a Catalunya i AndorraDistribuci\u00f3 de fixacions fotovoltaiques per a cobertes met\u00e0l\u00b7liques<\/p>\n","protected":false},"author":3,"featured_media":0,"parent":0,"menu_order":0,"comment_status":"closed","ping_status":"closed","template":"","meta":{"_et_pb_use_builder":"on","_et_pb_old_content":"","_et_gb_content_width":"","content-type":"","footnotes":""},"class_list":["post-72946","page","type-page","status-publish","hentry"],"yoast_head":"<!-- This site is optimized with the Yoast SEO plugin v27.4 - https:\/\/yoast.com\/product\/yoast-seo-wordpress\/ -->\n<title>Partners | K-electric<\/title>\n<meta name=\"robots\" content=\"index, follow, max-snippet:-1, max-image-preview:large, max-video-preview:-1\" \/>\n<link rel=\"canonical\" href=\"https:\/\/k-elec.com\/ca\/partners\/\" \/>\n<meta property=\"og:locale\" content=\"ca_ES\" \/>\n<meta property=\"og:type\" content=\"article\" \/>\n<meta property=\"og:title\" content=\"Partners | K-electric\" \/>\n<meta property=\"og:description\" content=\"Per aix\u00f2 ens associem amb les empreses l\u00edders del sector per oferir solucions energ\u00e8tiques i el\u00e8ctriques innovadores i d&#039;alta qualitat als nostres clients.Delegaci\u00f3 Comercial de Chint a Catalunya i AndorraDistribuci\u00f3 de fixacions fotovoltaiques per a cobertes met\u00e0l\u00b7liques\" \/>\n<meta property=\"og:url\" content=\"https:\/\/k-elec.com\/ca\/partners\/\" \/>\n<meta property=\"og:site_name\" content=\"K-electric\" \/>\n<meta property=\"article:modified_time\" content=\"2024-05-17T08:19:55+00:00\" \/>\n<meta property=\"og:image\" content=\"https:\/\/k-elec.com\/wp-content\/uploads\/2024\/05\/Site-image.jpg\" \/>\n\t<meta property=\"og:image:width\" content=\"1200\" \/>\n\t<meta property=\"og:image:height\" content=\"675\" \/>\n\t<meta property=\"og:image:type\" content=\"image\/jpeg\" \/>\n<meta name=\"twitter:card\" content=\"summary_large_image\" \/>\n<meta name=\"twitter:label1\" content=\"Temps estimat de lectura\" \/>\n\t<meta name=\"twitter:data1\" content=\"6 minuts\" \/>\n<script type=\"application\/ld+json\" class=\"yoast-schema-graph\">{\"@context\":\"https:\\\/\\\/schema.org\",\"@graph\":[{\"@type\":\"WebPage\",\"@id\":\"https:\\\/\\\/k-elec.com\\\/ca\\\/partners\\\/\",\"url\":\"https:\\\/\\\/k-elec.com\\\/ca\\\/partners\\\/\",\"name\":\"Partners | K-electric\",\"isPartOf\":{\"@id\":\"https:\\\/\\\/k-elec.com\\\/ca\\\/#website\"},\"datePublished\":\"2024-03-28T11:08:58+00:00\",\"dateModified\":\"2024-05-17T08:19:55+00:00\",\"breadcrumb\":{\"@id\":\"https:\\\/\\\/k-elec.com\\\/ca\\\/partners\\\/#breadcrumb\"},\"inLanguage\":\"ca\",\"potentialAction\":[{\"@type\":\"ReadAction\",\"target\":[\"https:\\\/\\\/k-elec.com\\\/ca\\\/partners\\\/\"]}]},{\"@type\":\"BreadcrumbList\",\"@id\":\"https:\\\/\\\/k-elec.com\\\/ca\\\/partners\\\/#breadcrumb\",\"itemListElement\":[{\"@type\":\"ListItem\",\"position\":1,\"name\":\"Portada\",\"item\":\"https:\\\/\\\/k-elec.com\\\/ca\\\/\"},{\"@type\":\"ListItem\",\"position\":2,\"name\":\"Partners\"}]},{\"@type\":\"WebSite\",\"@id\":\"https:\\\/\\\/k-elec.com\\\/ca\\\/#website\",\"url\":\"https:\\\/\\\/k-elec.com\\\/ca\\\/\",\"name\":\"K-Electric Provider Products\",\"description\":\"Soluciones El\u00e9ctricas y Energ\u00e9ticas Globales\",\"publisher\":{\"@id\":\"https:\\\/\\\/k-elec.com\\\/ca\\\/#organization\"},\"alternateName\":\"K-Electric\",\"potentialAction\":[{\"@type\":\"SearchAction\",\"target\":{\"@type\":\"EntryPoint\",\"urlTemplate\":\"https:\\\/\\\/k-elec.com\\\/ca\\\/?s={search_term_string}\"},\"query-input\":{\"@type\":\"PropertyValueSpecification\",\"valueRequired\":true,\"valueName\":\"search_term_string\"}}],\"inLanguage\":\"ca\"},{\"@type\":\"Organization\",\"@id\":\"https:\\\/\\\/k-elec.com\\\/ca\\\/#organization\",\"name\":\"K-Electric Provider Products\",\"alternateName\":\"K-Electric\",\"url\":\"https:\\\/\\\/k-elec.com\\\/ca\\\/\",\"logo\":{\"@type\":\"ImageObject\",\"inLanguage\":\"ca\",\"@id\":\"https:\\\/\\\/k-elec.com\\\/ca\\\/#\\\/schema\\\/logo\\\/image\\\/\",\"url\":\"https:\\\/\\\/k-elec.com\\\/wp-content\\\/uploads\\\/2024\\\/05\\\/K-K-elec.png\",\"contentUrl\":\"https:\\\/\\\/k-elec.com\\\/wp-content\\\/uploads\\\/2024\\\/05\\\/K-K-elec.png\",\"width\":400,\"height\":400,\"caption\":\"K-Electric Provider Products\"},\"image\":{\"@id\":\"https:\\\/\\\/k-elec.com\\\/ca\\\/#\\\/schema\\\/logo\\\/image\\\/\"},\"sameAs\":[\"https:\\\/\\\/www.instagram.com\\\/kheliumfv\\\/\",\"https:\\\/\\\/www.tiktok.com\\\/@kheliumfv\",\"https:\\\/\\\/www.youtube.com\\\/@k-elec\",\"https:\\\/\\\/www.linkedin.com\\\/company\\\/k-electric-provider-products\"]}]}<\/script>\n<!-- \/ Yoast SEO plugin. -->","yoast_head_json":{"title":"Partners | K-electric","robots":{"index":"index","follow":"follow","max-snippet":"max-snippet:-1","max-image-preview":"max-image-preview:large","max-video-preview":"max-video-preview:-1"},"canonical":"https:\/\/k-elec.com\/ca\/partners\/","og_locale":"ca_ES","og_type":"article","og_title":"Partners | K-electric","og_description":"Per aix\u00f2 ens associem amb les empreses l\u00edders del sector per oferir solucions energ\u00e8tiques i el\u00e8ctriques innovadores i d'alta qualitat als nostres clients.Delegaci\u00f3 Comercial de Chint a Catalunya i AndorraDistribuci\u00f3 de fixacions fotovoltaiques per a cobertes met\u00e0l\u00b7liques","og_url":"https:\/\/k-elec.com\/ca\/partners\/","og_site_name":"K-electric","article_modified_time":"2024-05-17T08:19:55+00:00","og_image":[{"width":1200,"height":675,"url":"https:\/\/k-elec.com\/wp-content\/uploads\/2024\/05\/Site-image.jpg","type":"image\/jpeg"}],"twitter_card":"summary_large_image","twitter_misc":{"Temps estimat de lectura":"6 minuts"},"schema":{"@context":"https:\/\/schema.org","@graph":[{"@type":"WebPage","@id":"https:\/\/k-elec.com\/ca\/partners\/","url":"https:\/\/k-elec.com\/ca\/partners\/","name":"Partners | K-electric","isPartOf":{"@id":"https:\/\/k-elec.com\/ca\/#website"},"datePublished":"2024-03-28T11:08:58+00:00","dateModified":"2024-05-17T08:19:55+00:00","breadcrumb":{"@id":"https:\/\/k-elec.com\/ca\/partners\/#breadcrumb"},"inLanguage":"ca","potentialAction":[{"@type":"ReadAction","target":["https:\/\/k-elec.com\/ca\/partners\/"]}]},{"@type":"BreadcrumbList","@id":"https:\/\/k-elec.com\/ca\/partners\/#breadcrumb","itemListElement":[{"@type":"ListItem","position":1,"name":"Portada","item":"https:\/\/k-elec.com\/ca\/"},{"@type":"ListItem","position":2,"name":"Partners"}]},{"@type":"WebSite","@id":"https:\/\/k-elec.com\/ca\/#website","url":"https:\/\/k-elec.com\/ca\/","name":"K-Electric Provider Products","description":"Soluciones El\u00e9ctricas y Energ\u00e9ticas Globales","publisher":{"@id":"https:\/\/k-elec.com\/ca\/#organization"},"alternateName":"K-Electric","potentialAction":[{"@type":"SearchAction","target":{"@type":"EntryPoint","urlTemplate":"https:\/\/k-elec.com\/ca\/?s={search_term_string}"},"query-input":{"@type":"PropertyValueSpecification","valueRequired":true,"valueName":"search_term_string"}}],"inLanguage":"ca"},{"@type":"Organization","@id":"https:\/\/k-elec.com\/ca\/#organization","name":"K-Electric Provider Products","alternateName":"K-Electric","url":"https:\/\/k-elec.com\/ca\/","logo":{"@type":"ImageObject","inLanguage":"ca","@id":"https:\/\/k-elec.com\/ca\/#\/schema\/logo\/image\/","url":"https:\/\/k-elec.com\/wp-content\/uploads\/2024\/05\/K-K-elec.png","contentUrl":"https:\/\/k-elec.com\/wp-content\/uploads\/2024\/05\/K-K-elec.png","width":400,"height":400,"caption":"K-Electric Provider Products"},"image":{"@id":"https:\/\/k-elec.com\/ca\/#\/schema\/logo\/image\/"},"sameAs":["https:\/\/www.instagram.com\/kheliumfv\/","https:\/\/www.tiktok.com\/@kheliumfv","https:\/\/www.youtube.com\/@k-elec","https:\/\/www.linkedin.com\/company\/k-electric-provider-products"]}]}},"_links":{"self":[{"href":"https:\/\/k-elec.com\/ca\/wp-json\/wp\/v2\/pages\/72946","targetHints":{"allow":["GET"]}}],"collection":[{"href":"https:\/\/k-elec.com\/ca\/wp-json\/wp\/v2\/pages"}],"about":[{"href":"https:\/\/k-elec.com\/ca\/wp-json\/wp\/v2\/types\/page"}],"author":[{"embeddable":true,"href":"https:\/\/k-elec.com\/ca\/wp-json\/wp\/v2\/users\/3"}],"replies":[{"embeddable":true,"href":"https:\/\/k-elec.com\/ca\/wp-json\/wp\/v2\/comments?post=72946"}],"version-history":[{"count":5,"href":"https:\/\/k-elec.com\/ca\/wp-json\/wp\/v2\/pages\/72946\/revisions"}],"predecessor-version":[{"id":72951,"href":"https:\/\/k-elec.com\/ca\/wp-json\/wp\/v2\/pages\/72946\/revisions\/72951"}],"wp:attachment":[{"href":"https:\/\/k-elec.com\/ca\/wp-json\/wp\/v2\/media?parent=72946"}],"curies":[{"name":"wp","href":"https:\/\/api.w.org\/{rel}","templated":true}]}}